{"id":921,"date":"2018-10-18T06:54:17","date_gmt":"2018-10-18T04:54:17","guid":{"rendered":"http:\/\/p6.heise-homepage.de\/privacy-policy\/"},"modified":"2019-01-23T12:06:51","modified_gmt":"2019-01-23T11:06:51","slug":"privacy-policy","status":"publish","type":"page","link":"https:\/\/pace.at\/es\/privacy-policy\/","title":{"rendered":"POL\u00edTICA DE PRIVACIDAD"},"content":{"rendered":"<div class=\"wpb-content-wrapper\">[vc_section full_width=\u00bbstretch_row\u00bb css=\u00bb.vc_custom_1548241606220{padding-top: 15% !important;padding-bottom: 10% !important;background-image: url(https:\/\/pace.at\/wp-content\/uploads\/2018\/08\/header.jpg?id=485) !important;background-position: center !important;background-repeat: no-repeat !important;background-size: cover !important;}\u00bb][vc_row equal_height=\u00bbyes\u00bb content_placement=\u00bbmiddle\u00bb el_class=\u00bbcolor&#8211;text-inverted xtd-text-shadow&#8211;small-normal\u00bb][vc_column css=\u00bb.vc_custom_1539853506929{padding-right: 2rem !important;padding-left: 2rem !important;}\u00bb offset=\u00bbvc_col-lg-offset-2 vc_col-lg-8&#8243;][vc_empty_space height=\u00bb62px\u00bb][vc_column_text]\n<h1 style=\"text-align: center;\">POL\u00edTICA DE PRIVACIDAD<\/h1>\n[\/vc_column_text][\/vc_column][\/vc_row][\/vc_section][vc_row][vc_column][vc_column_text]\n<h2>POL\u00cdTICA DE PROTECCI\u00d3N DE DATOS<\/h2>\n<p>La protecci\u00f3n de su privacidad nos preocupa especialmente, por lo que nos complace informarle de c\u00f3mo garantizamos la protecci\u00f3n de sus datos cuando utilizamos nuestro sitio web www.pace.at.<\/p>\n<h4>1. \u00bfQU\u00c9 DATOS PERSONALES RECOGEMOS, PROCESAMOS Y UTILIZAMOS?<\/h4>\n<p>Philipp Aviation Consulting &amp; Engineering GmbH recopila, procesa y utiliza sus datos personales s\u00f3lo con su consentimiento o si existe una base legal de conformidad con el Reglamento General de Protecci\u00f3n de Datos de la UE \/ LGPD.<\/p>\n<p>Los datos personales son todos aquellos datos que contienen informaci\u00f3n sobre circunstancias personales o de hecho, por ejemplo. nombre, direcci\u00f3n, n\u00famero de tel\u00e9fono, edad, fecha de nacimiento, sexo, ocupaci\u00f3n, puesto de trabajo, empleador, fotos.<\/p>\n<p>S\u00f3lo utilizamos datos personales que usted nos proporciona voluntariamente o que necesitamos para llevar a cabo nuestros servicios.<\/p>\n<h4>2. PROTECCI\u00d3N DE DATOS<\/h4>\n<p>La protecci\u00f3n de sus datos personales incluye, en particular, la protecci\u00f3n contra el acceso, procesamiento, modificaci\u00f3n o p\u00e9rdida injustos, ilegales o accidentales. Aseguramos esta protecci\u00f3n de datos a trav\u00e9s de medidas organizativas y t\u00e9cnicas.<\/p>\n<p>Sin embargo, le solicitamos que entienda que no aceptamos ninguna responsabilidad por la divulgaci\u00f3n de informaci\u00f3n debida al acceso no autorizado por parte de terceros (por ejemplo, pirater\u00eda de cuentas de correo electr\u00f3nico, n\u00fameros de tel\u00e9fono o fax) y \/ o transmisi\u00f3n de datos err\u00f3nea no causada por nosotros.<\/p>\n<p>Adem\u00e1s, le pedimos que comprenda que, a pesar de nuestros esfuerzos por mantener un alto grado de atenci\u00f3n, no se puede descartar que la informaci\u00f3n que nos env\u00ede a trav\u00e9s de Internet sea vista y \/ o utilizada por otros.<\/p>\n<h4>3. PARA LO QUE UTILIZAMOS SUS DATOS<\/h4>\n<p>Los datos que recibamos de usted s\u00f3lo se utilizar\u00e1n para la prestaci\u00f3n de los servicios acordados con usted o despu\u00e9s de recibir su consentimiento o de otro modo de acuerdo con LGPD.<\/p>\n<h4>4. ALMACENAMIENTO DE SUS DATOStorage of your data<\/h4>\n<p>Todos los datos proporcionados por usted \u00fanicamente ser\u00e1n almacenados por nosotros durante el tiempo que sea necesario para cumplir con nuestras obligaciones contractuales o legales y para evitar cualquier reclamaci\u00f3n de responsabilidad.<\/p>\n<h4>5. SUS DERECHOS<\/h4>\n<p>En principio, tiene derecho a solicitar informaci\u00f3n, correcci\u00f3n, eliminaci\u00f3n, restricci\u00f3n, portabilidad de datos, revocaci\u00f3n y objeci\u00f3n de todos los datos que almacenamos.<\/p>\n<p>En caso de que sus datos personales cambien, sea tan amable de hac\u00e9rnoslo saber.<\/p>\n<p>Si cree que el procesamiento de sus datos infringe la ley de protecci\u00f3n de datos o que sus reclamaciones de protecci\u00f3n de datos han sido violadas de alguna manera, puede presentarnos una queja en office@pace.at o en la Autoridad de Protecci\u00f3n de Datos de Austria a la que puede dirigirse a trav\u00e9s de la direcci\u00f3n https: \/\/www.dsb.gv.at\/.<\/p>\n<h4>6. DIVULGACI\u00d3N DE DATOS A TERCEROS<\/h4>\n<p>Para proporcionar los servicios acordados contractualmente con usted, sus datos pueden ser transferidos a terceros, como nuestros subcontratistas, la otra parte (como propietarios, arrendatarios, compa\u00f1\u00edas de mantenimiento o fabricaci\u00f3n de aeronaves, etc.), compa\u00f1\u00edas de seguros o autoridades. El reenv\u00edo de sus datos se realiza exclusivamente de acuerdo con la LGPD.<\/p>\n<h4>7. COOKIES<\/h4>\n<p>Este sitio web utiliza \u00abCookies\u00bb para hacer que este sitio sea m\u00e1s f\u00e1cil de usar, efectivo y seguro.<\/p>\n<p>Una \u00abCookie\u00bb es un peque\u00f1o archivo de texto que transmitimos desde nuestro servidor web a un archivo de Cookies de su navegador en el disco duro \/ memoria de su dispositivo. Esto permite que nuestro sitio web lo reconozca como usuario una vez que se establece una conexi\u00f3n entre nuestro servidor web y su navegador. Las cookies nos ayudan a determinar la frecuencia de uso y la cantidad de usuarios de nuestros sitios web. El contenido de nuestras Cookies se limita a un n\u00famero de identificaci\u00f3n, que no puede atribuirse a una persona en particular. El prop\u00f3sito principal de una cookie es el reconocimiento de los visitantes de nuestro sitio web.<\/p>\n<p>Hay dos tipos de cookies en uso en nuestro sitio web:<\/p>\n<p>Cookies de sesi\u00f3n: son cookies temporales, que permanecen en el archivo de cookies de su navegador hasta que abandone nuestro sitio web, momento en el cual nuestras cookies se eliminan autom\u00e1ticamente.<\/p>\n<p>Cookies persistentes: para mayor facilidad de uso, las cookies se almacenan en su dispositivo, lo que nos permite reconocer su navegador en la pr\u00f3xima visita a nuestro sitio web.<\/p>\n<p>Puede ajustar la configuraci\u00f3n de su navegador para estar informado sobre la configuraci\u00f3n de las Cookies y, por lo tanto, puede permitir el uso de las Cookies de forma individual o aceptar las Cookies para ciertos casos o, en general, excluir y activar la eliminaci\u00f3n autom\u00e1tica de las Cookies al cerrar el navegador. La desactivaci\u00f3n de las cookies puede limitar la funcionalidad de este sitio web.<\/p>\n<h4>8. ARCHIVOS DE REGISTRO DEL SERVIDOR<\/h4>\n<p>Para optimizar este sitio web en t\u00e9rminos de rendimiento del sistema, facilidad de uso y proporcionar informaci\u00f3n \u00fatil sobre nuestros servicios, el proveedor del sitio web recopila y almacena autom\u00e1ticamente la informaci\u00f3n en los llamados archivos de registro de servidor, que su navegador nos transmite autom\u00e1ticamente. Esto incluye su Direcci\u00f3n de Protocolo de Internet (Direcci\u00f3n IP), configuraci\u00f3n de navegador e idioma, sistema operativo, URL de referencia, su proveedor de servicios de Internet, fecha y hora.<\/p>\n<p>No se realizar\u00e1 una correlaci\u00f3n de los datos antes mencionados con las fuentes de datos personales. Nos reservamos el derecho de verificar estos datos de forma retrospectiva, si tenemos conocimiento de indicaciones espec\u00edficas de uso ilegal.<\/p>\n<h4>9.\u00a0PRECAUCIONES EN CASO DE DIFERENCIA DE DATOS<\/h4>\n<p>Nos esforzamos por identificar las brechas de datos con anticipaci\u00f3n y notificarlas tan pronto como sea posible a usted y a las autoridades reguladoras pertinentes, indicando la categor\u00eda \/ categor\u00edas de datos.<\/p>\n<h4>10. CONTACTOS<\/h4>\n<p>Si tiene alguna pregunta, estamos a su disposici\u00f3n a trav\u00e9s de los m\u00e9todos de contacto indicados a continuaci\u00f3n.<\/p>\n<p>Sr. Raimund Philipp<br \/>\nCorreo electr\u00f3nico: <a href=\"mailto:office@pace.at\">office@pace.at<\/a><br \/>\nTel\u00e9fono: 0043 (0) 2243 34728-0<br \/>\nInkustrasse 1-7 \/ 8\/1 3400 Klosterneuburg Austria<\/p>\n<h4>11. APLICABILIDAD<\/h4>\n<p>Le informamos que esta pol\u00edtica de privacidad en espa\u00f1ol se cre\u00f3 \u00fanicamente para su comodidad. El documento legalmente vinculante es la versi\u00f3n alemana, que se encuentra en la secci\u00f3n \u00abDatenschutz\u00bb en nuestro sitio web www.pace.at[\/vc_column_text][\/vc_column][\/vc_row]\n<\/div>","protected":false},"excerpt":{"rendered":"<p>[vc_section full_width=\u00bbstretch_row\u00bb css=\u00bb.vc_custom_1548241606220{padding-top: 15% !important;padding-bottom: 10% !important;background-image: url(https:\/\/pace.at\/wp-content\/uploads\/2018\/08\/header.jpg?id=485) !important;background-position: center !important;background-repeat: no-repeat !important;background-size: cover !important;}\u00bb][vc_row equal_height=\u00bbyes\u00bb content_placement=\u00bbmiddle\u00bb el_class=\u00bbcolor&#8211;text-inverted xtd-text-shadow&#8211;small-normal\u00bb][vc_column css=\u00bb.vc_custom_1539853506929{padding-right: 2rem !important;padding-left: 2rem !important;}\u00bb offset=\u00bbvc_col-lg-offset-2 vc_col-lg-8&#8243;][vc_empty_space height=\u00bb62px\u00bb][vc_column_text] POL\u00edTICA DE PRIVACIDAD [\/vc_column_text][\/vc_column][\/vc_row][\/vc_section][vc_row][vc_column][vc_column_text] POL\u00cdTICA DE PROTECCI\u00d3N DE DATOS La protecci\u00f3n de su privacidad nos preocupa especialmente, por lo que nos complace informarle de c\u00f3mo garantizamos la protecci\u00f3n de sus datos cuando utilizamos [&hellip;]<\/p>\n","protected":false},"author":3,"featured_media":0,"parent":0,"menu_order":0,"comment_status":"closed","ping_status":"closed","template":"","meta":{"inline_featured_image":false,"footnotes":""},"class_list":["post-921","page","type-page","status-publish","hentry"],"_links":{"self":[{"href":"https:\/\/pace.at\/es\/wp-json\/wp\/v2\/pages\/921","targetHints":{"allow":["GET"]}}],"collection":[{"href":"https:\/\/pace.at\/es\/wp-json\/wp\/v2\/pages"}],"about":[{"href":"https:\/\/pace.at\/es\/wp-json\/wp\/v2\/types\/page"}],"author":[{"embeddable":true,"href":"https:\/\/pace.at\/es\/wp-json\/wp\/v2\/users\/3"}],"replies":[{"embeddable":true,"href":"https:\/\/pace.at\/es\/wp-json\/wp\/v2\/comments?post=921"}],"version-history":[{"count":3,"href":"https:\/\/pace.at\/es\/wp-json\/wp\/v2\/pages\/921\/revisions"}],"predecessor-version":[{"id":1066,"href":"https:\/\/pace.at\/es\/wp-json\/wp\/v2\/pages\/921\/revisions\/1066"}],"wp:attachment":[{"href":"https:\/\/pace.at\/es\/wp-json\/wp\/v2\/media?parent=921"}],"curies":[{"name":"wp","href":"https:\/\/api.w.org\/{rel}","templated":true}]}}