{"id":831,"date":"2018-11-16T05:18:31","date_gmt":"2018-11-16T04:18:31","guid":{"rendered":"http:\/\/p6.heise-homepage.de\/?page_id=831"},"modified":"2019-01-23T12:08:01","modified_gmt":"2019-01-23T11:08:01","slug":"servicios-de-formacion","status":"publish","type":"page","link":"https:\/\/pace.at\/es\/servicios-de-formacion\/","title":{"rendered":"Servicios de Formaci\u00f3n"},"content":{"rendered":"<div class=\"wpb-content-wrapper\">[vc_section full_width=\u00bbstretch_row\u00bb css=\u00bb.vc_custom_1548241677835{padding-top: 15% !important;padding-bottom: 10% !important;background-image: url(https:\/\/pace.at\/wp-content\/uploads\/2018\/08\/header.jpg?id=485) !important;background-position: center !important;background-repeat: no-repeat !important;background-size: cover !important;}\u00bb][vc_row equal_height=\u00bbyes\u00bb content_placement=\u00bbmiddle\u00bb el_class=\u00bbcolor&#8211;text-inverted xtd-text-shadow&#8211;small-normal\u00bb][vc_column css=\u00bb.vc_custom_1539853506929{padding-right: 2rem !important;padding-left: 2rem !important;}\u00bb offset=\u00bbvc_col-lg-offset-2 vc_col-lg-8&#8243;][vc_empty_space height=\u00bb62px\u00bb][vc_column_text]\n<h1 style=\"text-align: center;\">Servicios de Formaci\u00f3n<\/h1>\n[\/vc_column_text][\/vc_column][\/vc_row][\/vc_section][vc_section][vc_row equal_height=\u00bbyes\u00bb content_placement=\u00bbmiddle\u00bb][vc_column width=\u00bb1\/3&#8243; el_class=\u00bbz-index&#8211;2&#8243;][vc_empty_space height=\u00bb4rem\u00bb][vc_single_image image=\u00bb697&#8243; img_size=\u00bbfull\u00bb style=\u00bbxtd-shadow&#8211;large-light\u00bb el_class=\u00bbxtd-responsive-margin-negative&#8211;right-80&#8243;][vc_empty_space height=\u00bb2rem\u00bb][\/vc_column][vc_column width=\u00bb2\/3&#8243; css=\u00bb.vc_custom_1521565908570{border-top-width: 10px !important;border-right-width: 10px !important;border-bottom-width: 10px !important;border-left-width: 10px !important;border-left-color: #f4f3f1 !important;border-left-style: solid !important;border-right-color: #f4f3f1 !important;border-right-style: solid !important;border-top-color: #f4f3f1 !important;border-top-style: solid !important;border-bottom-color: #f4f3f1 !important;border-bottom-style: solid !important;}\u00bb][vc_row_inner][vc_column_inner width=\u00bb1\/2&#8243; offset=\u00bbvc_col-sm-offset-5&#8243;][vc_column_text]\n<p class=\"textbox\" dir=\"ltr\"><strong>Desarrollo de Programas de Mantenimiento de Aeronaves<\/strong><\/p>\n<p class=\"textbox\" dir=\"ltr\">Familiarizar a los estudiantes con<\/p>\n<ul>\n<li>Los procesos requeridos para desarrollar y operar un Programa de Mantenimiento de Aeronaves (\u201cAMP\u201d) para aviones grandes en lo que afecta al mantenimiento de la c\u00e9lula, motor y componentes instalados y desinstalados.<\/li>\n<li>Los requisitos regulatorios y los documentos de base requeridos para la gesti\u00f3n efectiva del mantenimiento, tales como MRB Report, Maintenance Planning Document y documentaci\u00f3n suplementaria de inspecci\u00f3n.<\/li>\n<\/ul>\n<p class=\"textbox\" dir=\"ltr\"><strong>Preparaci\u00f3n de documentaci\u00f3n\/registros de Devoluci\u00f3n<\/strong><\/p>\n<p dir=\"ltr\">Familiarizar a los estudiantes con<\/p>\n<ul>\n<li>Los requisitos comunes contractuales y de la regulaci\u00f3n aeron\u00e1utica necesarios para la preparaci\u00f3n de la documentaci\u00f3n de la aeronave o motor<\/li>\n<li>Requisitos de trazabilidad hasta el origen de documentaci\u00f3n (BCAA, EASA, IATA, etc.)<\/li>\n<\/ul>\n<p class=\"textbox\" dir=\"ltr\"><strong>Formaci\u00f3n personalizada para aceptaci\u00f3n\/devoluci\u00f3n de aeronave\/motor<\/strong><\/p>\n<p>Podemos ofrecer formaci\u00f3n totalmente personalizada para cubrir las necesidades particulares de nuestros clientes relacionadas con la evaluaci\u00f3n\/precompra\/inspecciones\/aceptaci\u00f3n\/devoluci\u00f3n etc. de aeronaves<\/p>\n<p class=\"textbox\" dir=\"ltr\"><strong>Formaci\u00f3n b\u00e1sica para CAMO y Organizaciones de Mantenimiento<\/strong><\/p>\n<p>Ofrecemos toda la formaci\u00f3n b\u00e1sica y la Formaci\u00f3n de Formadores para<\/p>\n<ul>\n<li>Factores Humanos en el Mantenimiento<\/li>\n<li>Inspecci\u00f3n de recepci\u00f3n de Materiales<\/li>\n<li>Auditor\u00edas<\/li>\n<li>Etc.<\/li>\n<\/ul>\n[\/vc_column_text][\/vc_column_inner][\/vc_row_inner][\/vc_column][\/vc_row][\/vc_section]\n<\/div>","protected":false},"excerpt":{"rendered":"<p>[vc_section full_width=\u00bbstretch_row\u00bb css=\u00bb.vc_custom_1548241677835{padding-top: 15% !important;padding-bottom: 10% !important;background-image: url(https:\/\/pace.at\/wp-content\/uploads\/2018\/08\/header.jpg?id=485) !important;background-position: center !important;background-repeat: no-repeat !important;background-size: cover !important;}\u00bb][vc_row equal_height=\u00bbyes\u00bb content_placement=\u00bbmiddle\u00bb el_class=\u00bbcolor&#8211;text-inverted xtd-text-shadow&#8211;small-normal\u00bb][vc_column css=\u00bb.vc_custom_1539853506929{padding-right: 2rem !important;padding-left: 2rem !important;}\u00bb offset=\u00bbvc_col-lg-offset-2 vc_col-lg-8&#8243;][vc_empty_space height=\u00bb62px\u00bb][vc_column_text] Servicios de Formaci\u00f3n [\/vc_column_text][\/vc_column][\/vc_row][\/vc_section][vc_section][vc_row equal_height=\u00bbyes\u00bb content_placement=\u00bbmiddle\u00bb][vc_column width=\u00bb1\/3&#8243; el_class=\u00bbz-index&#8211;2&#8243;][vc_empty_space height=\u00bb4rem\u00bb][vc_single_image image=\u00bb697&#8243; img_size=\u00bbfull\u00bb style=\u00bbxtd-shadow&#8211;large-light\u00bb el_class=\u00bbxtd-responsive-margin-negative&#8211;right-80&#8243;][vc_empty_space height=\u00bb2rem\u00bb][\/vc_column][vc_column width=\u00bb2\/3&#8243; css=\u00bb.vc_custom_1521565908570{border-top-width: 10px !important;border-right-width: 10px !important;border-bottom-width: 10px !important;border-left-width: 10px !important;border-left-color: #f4f3f1 !important;border-left-style: solid !important;border-right-color: #f4f3f1 !important;border-right-style: solid !important;border-top-color: #f4f3f1 [&hellip;]<\/p>\n","protected":false},"author":3,"featured_media":0,"parent":0,"menu_order":0,"comment_status":"closed","ping_status":"closed","template":"","meta":{"inline_featured_image":false,"footnotes":""},"class_list":["post-831","page","type-page","status-publish","hentry"],"_links":{"self":[{"href":"https:\/\/pace.at\/es\/wp-json\/wp\/v2\/pages\/831","targetHints":{"allow":["GET"]}}],"collection":[{"href":"https:\/\/pace.at\/es\/wp-json\/wp\/v2\/pages"}],"about":[{"href":"https:\/\/pace.at\/es\/wp-json\/wp\/v2\/types\/page"}],"author":[{"embeddable":true,"href":"https:\/\/pace.at\/es\/wp-json\/wp\/v2\/users\/3"}],"replies":[{"embeddable":true,"href":"https:\/\/pace.at\/es\/wp-json\/wp\/v2\/comments?post=831"}],"version-history":[{"count":2,"href":"https:\/\/pace.at\/es\/wp-json\/wp\/v2\/pages\/831\/revisions"}],"predecessor-version":[{"id":1070,"href":"https:\/\/pace.at\/es\/wp-json\/wp\/v2\/pages\/831\/revisions\/1070"}],"wp:attachment":[{"href":"https:\/\/pace.at\/es\/wp-json\/wp\/v2\/media?parent=831"}],"curies":[{"name":"wp","href":"https:\/\/api.w.org\/{rel}","templated":true}]}}