{"id":810,"date":"2018-11-16T04:29:20","date_gmt":"2018-11-16T03:29:20","guid":{"rendered":"http:\/\/p6.heise-homepage.de\/?page_id=810"},"modified":"2023-09-22T11:46:02","modified_gmt":"2023-09-22T09:46:02","slug":"servicios","status":"publish","type":"page","link":"https:\/\/pace.at\/es\/servicios\/","title":{"rendered":"Servicios"},"content":{"rendered":"<div class=\"wpb-content-wrapper\">[vc_section full_width=\u00bbstretch_row\u00bb css=\u00bb.vc_custom_1548241975380{padding-top: 15% !important;padding-bottom: 10% !important;background-image: url(https:\/\/pace.at\/wp-content\/uploads\/2018\/08\/header.jpg?id=485) !important;background-position: center !important;background-repeat: no-repeat !important;background-size: cover !important;}\u00bb][vc_row css=\u00bb.vc_custom_1539852567322{background-position: center !important;background-repeat: no-repeat !important;background-size: cover !important;}\u00bb el_class=\u00bbcolor&#8211;text-inverted xtd-text-shadow&#8211;small-normal\u00bb][vc_column offset=\u00bbvc_col-lg-offset-2 vc_col-lg-8&#8243; css=\u00bb.vc_custom_1539852644368{padding-right: 2rem !important;padding-left: 2rem !important;}\u00bb][vc_empty_space][vc_column_text]\n<h1 style=\"text-align: center;\">Explora nuestra gama<br \/>\nde servicios<\/h1>\n[\/vc_column_text][\/vc_column][\/vc_row][\/vc_section][vc_section][vc_row content_placement=\u00bbtop\u00bb curly_padding=\u00bbcontent-padding-lg\u00bb css=\u00bb.vc_custom_1539058921331{margin-top: -40px !important;padding-bottom: 62px !important;background-color: #f5f3f1 !important;}\u00bb][vc_column width=\u00bb1\/4&#8243; offset=\u00bbvc_col-lg-offset-1&#8243;][vc_column_text]\n<h5><strong>SERVICIOS<\/strong><\/h5>\n<p>PACE da soporte a aerol\u00edneas, compa\u00f1\u00edas de alquiler de aviones, motores y otros, globalmente con una amplia gama de servicios profesionales dentro del sector de la aviaci\u00f3n<\/p>\n<ol>\n<li><strong>Organizaci\u00f3nd e Gesti\u00f3n del Mantenimiento de la Aeronavegabilidad (CAMO)<\/strong><\/li>\n<li><strong>Servicios T\u00e9cnicos<\/strong><\/li>\n<li><strong>Servicios de Formaci\u00f3n <\/strong><\/li>\n<\/ol>\n[\/vc_column_text][\/vc_column][vc_column width=\u00bb7\/12&#8243;][vc_column_text]\n<ul>\n<li>CAMO (aeronaves registradas en la EASA o en las Bermudas\/BCAA o 2-Reg)\n<ul>\n<li>CAMO (Aeronaves matriculadas en pa\u00edses miembros de EASA o en Bermuda)<\/li>\n<li>Importaciones \/ Revisiones de Aeronavegabilidad<\/li>\n<li>Mantenimiento de la Aeronavegabilidad<\/li>\n<li>Gesti\u00f3n de Parking y Preservaci\u00f3n<\/li>\n<li>Verificaci\u00f3n de Cumplimiento AIR OPS EASA \/ BCAA<\/li>\n<li>Subcontrataci\u00f3n de servicios CAMO<\/li>\n<\/ul>\n<\/li>\n<\/ul>\n<ul>\n<li>Servicios T\u00e9cnicos\n<ul>\n<li>Inspecci\u00f3n precompra<\/li>\n<li>Gesti\u00f3n de Compras \/ Entregas<\/li>\n<li>Auditor\u00edas intermedias<\/li>\n<li>Devoluciones y Retiradas de Servicio<\/li>\n<li>Gesti\u00f3n de Mantenimiento Mayor de C\u00e9lula<\/li>\n<li>Gesti\u00f3n de Motores<\/li>\n<li>Digitalizaci\u00f3n de Registros T\u00e9cnicos<\/li>\n<\/ul>\n<\/li>\n<li>Formaci\u00f3n<\/li>\n<\/ul>\n[\/vc_column_text][\/vc_column][\/vc_row][\/vc_section][vc_section][vc_row content_placement=\u00bbmiddle\u00bb css=\u00bb.vc_custom_1539059134002{margin-bottom: 70px !important;}\u00bb][vc_column width=\u00bb1\/2&#8243; offset=\u00bbvc_col-lg-offset-1 vc_col-lg-5&#8243;][vc_empty_space height=\u00bb6rem\u00bb][vc_single_image image=\u00bb611&#8243; img_size=\u00bbfull\u00bb style=\u00bbxtd-shadow&#8211;large-light\u00bb][\/vc_column][vc_column width=\u00bb1\/2&#8243; offset=\u00bbvc_col-lg-offset-1 vc_col-lg-4&#8243;][vc_empty_space height=\u00bb6rem\u00bb][vc_column_text]\n<h2 class=\"special-title\">Servicios CAMO<\/h2>\n<p>Philipp Aviation Consulting &amp; Engineering GmbH \u00abpace\u00bb es una CAMO aprobada. Con nuestro personal CAMO, extensamente experimentado, ofrecemos soporte para la transici\u00f3n de aeronaves hacia cualquier registro EASA o de Bermuda o de 2-Reg, realizamos Revisiones de Aeronavegabilidad y emitimos o extendemos Certificados de Revisi\u00f3n de Aeronavegabilidad, o en su defecto, emitimos las pertinentes recomendaciones para su emisi\u00f3n o extensi\u00f3n por parte de la Autoridad. Gestionamos las aeronaves que se encuentran fuera de leasing\/en transici\u00f3n\/en parking o preservaci\u00f3n.<\/p>\n<p><a href=\"\/es\/servicios\/servicio-camo\/\">M\u00c1S INFORMACI\u00d3N<\/a>[\/vc_column_text][\/vc_column][\/vc_row][vc_row content_placement=\u00bbmiddle\u00bb curly_padding=\u00bbcontent-padding-xxl\u00bb css=\u00bb.vc_custom_1539059216405{margin-bottom: 4px !important;background-color: #f5f3f1 !important;}\u00bb][vc_column width=\u00bb1\/2&#8243; offset=\u00bbvc_col-lg-offset-1 vc_col-lg-4&#8243;][vc_column_text]\n<h2 class=\"special-title\">Inspecciones Precompra<\/h2>\n<p>PACE ha conseguido una extensa experiencia en evaluaciones de aeronaves y motores y suministra informes detallados y listados de no conformidades. Nuestros informes son habitualmente utilizados en presentaciones de proyectos hacia inversores o financiadores con el fin de apoyar su toma de decisiones.<\/p>\n<p><strong>En el marco de las inspecciones precompra nuestras actividades incluyen:<\/strong><\/p>\n<ul>\n<li>Auditor\u00edas de Registros<\/li>\n<li>Inspecciones f\u00edsicas de aeronaves y motores<\/li>\n<li>Cumplimiento con requisitos regulatorios y operacionales<\/li>\n<li>Costes de transici\u00f3n<\/li>\n<\/ul>\n[\/vc_column_text][\/vc_column][vc_column width=\u00bb1\/2&#8243; offset=\u00bbvc_col-lg-offset-1 vc_col-lg-5&#8243;][vc_single_image image=\u00bb672&#8243; img_size=\u00bbfull\u00bb style=\u00bbxtd-shadow&#8211;large-light\u00bb][\/vc_column][\/vc_row][vc_row content_placement=\u00bbmiddle\u00bb curly_padding=\u00bbcontent-padding-xxl\u00bb css=\u00bb.vc_custom_1538719336563{background-color: #ffffff !important;}\u00bb][vc_column width=\u00bb1\/2&#8243; offset=\u00bbvc_col-lg-offset-1 vc_col-lg-5&#8243;][vc_single_image image=\u00bb544&#8243; img_size=\u00bbfull\u00bb style=\u00bbxtd-shadow&#8211;large-light\u00bb][\/vc_column][vc_column width=\u00bb1\/2&#8243; offset=\u00bbvc_col-lg-offset-1 vc_col-lg-4&#8243;][vc_column_text]\n<h2 class=\"special-title\">Compra\/Entrega de aeronaves<\/h2>\n<p>PACE ofrece una gesti\u00f3n completa de proyectos que asegura el cumplimiento con las condiciones acordadas de entrega y puntualidad en la misma. Nuestros servicios incluyen tareas como:<\/p>\n<ul>\n<li>Auditor\u00edas en profundidad de los registros de aeronave realizadas por auditores competentes<\/li>\n<li>Inspecciones f\u00edsicas completes de aeronaves y motores realizadas por ingenieros cualificados. Evaluaci\u00f3n de reparaciones estructurales y modificaciones.<\/li>\n<li>Identificamos incumplimientos con las condiciones de entrega, los monitorizamos en listas detalladas de no conformidades y tratamos diariamente con todas las partes implicadas tales como departamentos de aerol\u00edneas, propietarios, arrendatarios, Organizaciones de Mantenimiento, Fabricantes, Oficinas de Ingenier\u00eda y Autoridades.<\/li>\n<\/ul>\n[\/vc_column_text][\/vc_column][\/vc_row][vc_row content_placement=\u00bbmiddle\u00bb curly_padding=\u00bbcontent-padding-xxl\u00bb css=\u00bb.vc_custom_1539059817784{margin-bottom: 7px !important;background-color: #f5f3f1 !important;}\u00bb][vc_column width=\u00bb1\/2&#8243; offset=\u00bbvc_col-lg-offset-1 vc_col-lg-5&#8243;][vc_column_text]\n<h2 class=\"special-title\">Auditor\u00edas intermedias<\/h2>\n<p>PACE apoya a los propietarios de aeronaves con auditor\u00edas intermedias enfocadas en el cumplimiento de las condiciones de alquiler para asegurar los valores residuales de los activos.<br \/>\nEstas auditor\u00edas tambi\u00e9n ayudan a prever las condiciones reales de los elementos de alto valor al final del alquiler o cu\u00e1ndo se requerir\u00e1n las tareas de mantenimiento para las que se efectuaron las pertinentes reservas, como puede ser el mantenimiento mayor de motores. Nuestras auditor\u00edas incluyen:<\/p>\n<ul>\n<li>Revisi\u00f3n de registros<\/li>\n<li>Inspecciones f\u00edsicas de aeronaves y motores<\/li>\n<li>Comprobaci\u00f3n, por parte de nuestros auditores de facturas, y definici\u00f3n y adjudicaci\u00f3n de reservas de mantenimiento<\/li>\n<\/ul>\n[\/vc_column_text][\/vc_column][vc_column width=\u00bb1\/2&#8243; offset=\u00bbvc_col-lg-offset-1 vc_col-lg-4&#8243;][vc_single_image image=\u00bb674&#8243; img_size=\u00bbfull\u00bb style=\u00bbxtd-shadow&#8211;large-light\u00bb][\/vc_column][\/vc_row][vc_row content_placement=\u00bbmiddle\u00bb curly_padding=\u00bbcontent-padding-xxl\u00bb css=\u00bb.vc_custom_1539059784582{margin-top: -4px !important;}\u00bb][vc_column width=\u00bb1\/2&#8243; offset=\u00bbvc_col-lg-offset-1 vc_col-lg-4&#8243;][vc_single_image image=\u00bb546&#8243; img_size=\u00bbfull\u00bb style=\u00bbxtd-shadow&#8211;large-light\u00bb][\/vc_column][vc_column width=\u00bb1\/2&#8243; offset=\u00bbvc_col-lg-offset-1 vc_col-lg-5&#8243;][vc_empty_space height=\u00bb6rem\u00bb][vc_column_text]\n<h2 class=\"special-title\">Desfase de Aeronaves<\/h2>\n<p>PACE tiene una amplia experiencia en la gesti\u00f3n de proyector de devoluci\u00f3n\/desfase de aeronaves, realizados en todo el mundo. Nuestro equipo profesional brinda apoyo a los lessors\/propietarios y operadores\/arrendatarios.<\/p>\n<p><a href=\"\/es\/desfase-de-aeronaves\/\">M\u00c1S INFORMACI\u00d3N<\/a>[\/vc_column_text][\/vc_column][\/vc_row][vc_row content_placement=\u00bbmiddle\u00bb curly_padding=\u00bbcontent-padding-xxl\u00bb css=\u00bb.vc_custom_1539059753645{margin-bottom: 5px !important;background-color: #f5f3f1 !important;}\u00bb][vc_column width=\u00bb1\/2&#8243; offset=\u00bbvc_col-lg-offset-1 vc_col-lg-5&#8243;][vc_column_text]\n<h2 class=\"special-title\">MANTENIMIENTO MAYOR DE AERONAVES<\/h2>\n<p>Antes de las actividades de mantenimiento nuestro experimentado equipo prepara las peticiones de presupuestos, eval\u00faa las ofertas de mantenimiento, apoya las negociaciones de los contratos de mantenimiento y aconseja en la elecci\u00f3n de la Organizaci\u00f3n de Mantenimiento.<br \/>\nDurante el mantenimiento nuestros cualificados gestores de Proyecto e inspectores ayudan a nuestros clientes a gestionar todo el mantenimiento programado y no programado de acuerdo a los contratos de la manera m\u00e1s eficiente en cuanto a costes. Gestionamos las reclamaciones de garant\u00eda y de seguros.<br \/>\nFinalmente, revisamos las facturas de mantenimiento para asegurar el cumplimiento con las condiciones contractuales.<br \/>\n[\/vc_column_text][\/vc_column][vc_column width=\u00bb1\/2&#8243; offset=\u00bbvc_col-lg-offset-1 vc_col-lg-4&#8243;][vc_single_image image=\u00bb551&#8243; img_size=\u00bbfull\u00bb style=\u00bbxtd-shadow&#8211;large-light\u00bb][\/vc_column][\/vc_row][vc_row content_placement=\u00bbmiddle\u00bb curly_padding=\u00bbcontent-padding-xs\u00bb css=\u00bb.vc_custom_1539059732610{margin-top: -3px !important;margin-bottom: 104px !important;}\u00bb][vc_column width=\u00bb1\/2&#8243; offset=\u00bbvc_col-lg-offset-1 vc_col-lg-4&#8243;][vc_single_image image=\u00bb613&#8243; img_size=\u00bbfull\u00bb style=\u00bbxtd-shadow&#8211;large-light\u00bb][\/vc_column][vc_column width=\u00bb1\/2&#8243; offset=\u00bbvc_col-lg-offset-1 vc_col-lg-5&#8243;][vc_empty_space height=\u00bb6rem\u00bb][vc_column_text]\n<h2 class=\"special-title\">GESTI\u00d3N DE MOTORES<\/h2>\n<p>El equipo de PACE posee ingenieros de motores altamente experimentados, lo que le permite emitir los planes de gesti\u00f3n de motores m\u00e1s eficientes durante todo el ciclo de vida del motor o flota de motores, personalizados para cada na de las necesidades de nuestros clientes.<\/p>\n<p>Antes de las actividades de mantenimiento contactamos con el cliente para definir la m\u00ednima vida restante y los requisitos de performance. En base a ellos, preparamos la petici\u00f3n de presupuesto, evaluamos \u00f1as ofertas recibidas, apoyamos las negociaciones de los contratos de mantenimiento y aconsejamos en la elecci\u00f3n de la Organizaci\u00f3n de Mantenimiento y preparamos una propuesta inicial de trabajo para cada reparaci\u00f3n de motor.<\/p>\n<p><a href=\"\/es\/gestion-de-motores\/\">M\u00c1S INFORMACI\u00d3N<\/a>[\/vc_column_text][\/vc_column][\/vc_row][vc_row content_placement=\u00bbmiddle\u00bb curly_padding=\u00bbcontent-padding-xxl\u00bb css=\u00bb.vc_custom_1539059709300{margin-top: 17px !important;margin-bottom: 24px !important;background-color: #f5f3f1 !important;}\u00bb][vc_column width=\u00bb1\/2&#8243; offset=\u00bbvc_col-lg-offset-1 vc_col-lg-5&#8243;][vc_column_text]\n<h2 class=\"special-title\">REGISTROS DIGITALES<\/h2>\n<p>pace ofrece servicios de digitalizaci\u00f3n para cualquier tipo de registros de aeronave. La versi\u00f3n digital de los registros se puede suministrar a trav\u00e9s de nuestro acceso a clientes u otros servicios online, o bien en un disco duro externo en forma de archivos pdf adecuadamente indexados y con funciones de b\u00fasqueda.<\/p>\n<p><strong>Ponemos 600-1000kg de documentaci\u00f3n t\u00e9cnica tras 10-15 a\u00f1os en formato digital en 5-7 d\u00edas.<\/strong>[\/vc_column_text][\/vc_column][vc_column width=\u00bb1\/2&#8243; offset=\u00bbvc_col-lg-offset-1 vc_col-lg-4&#8243;][vc_single_image image=\u00bb550&#8243; img_size=\u00bbfull\u00bb style=\u00bbxtd-shadow&#8211;large-light\u00bb][\/vc_column][\/vc_row][vc_row content_placement=\u00bbmiddle\u00bb curly_padding=\u00bbcontent-padding-xs\u00bb css=\u00bb.vc_custom_1539059624462{margin-top: 110px !important;margin-bottom: 112px !important;}\u00bb][vc_column width=\u00bb1\/2&#8243; offset=\u00bbvc_col-lg-offset-1 vc_col-lg-4&#8243;][vc_single_image image=\u00bb695&#8243; img_size=\u00bbfull\u00bb style=\u00bbxtd-shadow&#8211;large-light\u00bb][\/vc_column][vc_column width=\u00bb1\/2&#8243; offset=\u00bbvc_col-lg-offset-1 vc_col-lg-5&#8243;][vc_column_text]\n<h2 class=\"special-title\">Servicios de Formaci\u00f3n<\/h2>\n<p class=\"textbox\" dir=\"ltr\">Podemos ofrecer formaci\u00f3n totalmente personalizada para cubrir todas sus necesidades particulares relacionadas con las transiciones de aeronaves y los temas b\u00e1sicos de formaci\u00f3n de las CAMO y Organizaciones de Mantenimiento.<\/p>\n<p><a href=\"\/es\/servicios-de-formacion\/\">M\u00c1S INFORMACI\u00d3N<\/a>[\/vc_column_text][\/vc_column][\/vc_row][\/vc_section]\n<\/div>","protected":false},"excerpt":{"rendered":"<p>[vc_section full_width=\u00bbstretch_row\u00bb css=\u00bb.vc_custom_1548241975380{padding-top: 15% !important;padding-bottom: 10% !important;background-image: url(https:\/\/pace.at\/wp-content\/uploads\/2018\/08\/header.jpg?id=485) !important;background-position: center !important;background-repeat: no-repeat !important;background-size: cover !important;}\u00bb][vc_row css=\u00bb.vc_custom_1539852567322{background-position: center !important;background-repeat: no-repeat !important;background-size: cover !important;}\u00bb el_class=\u00bbcolor&#8211;text-inverted xtd-text-shadow&#8211;small-normal\u00bb][vc_column offset=\u00bbvc_col-lg-offset-2 vc_col-lg-8&#8243; css=\u00bb.vc_custom_1539852644368{padding-right: 2rem !important;padding-left: 2rem !important;}\u00bb][vc_empty_space][vc_column_text] Explora nuestra gama de servicios [\/vc_column_text][\/vc_column][\/vc_row][\/vc_section][vc_section][vc_row content_placement=\u00bbtop\u00bb curly_padding=\u00bbcontent-padding-lg\u00bb css=\u00bb.vc_custom_1539058921331{margin-top: -40px !important;padding-bottom: 62px !important;background-color: #f5f3f1 !important;}\u00bb][vc_column width=\u00bb1\/4&#8243; offset=\u00bbvc_col-lg-offset-1&#8243;][vc_column_text] SERVICIOS PACE da soporte a aerol\u00edneas, compa\u00f1\u00edas de alquiler de aviones, motores [&hellip;]<\/p>\n","protected":false},"author":3,"featured_media":0,"parent":0,"menu_order":0,"comment_status":"closed","ping_status":"closed","template":"","meta":{"inline_featured_image":false,"footnotes":""},"class_list":["post-810","page","type-page","status-publish","hentry"],"_links":{"self":[{"href":"https:\/\/pace.at\/es\/wp-json\/wp\/v2\/pages\/810","targetHints":{"allow":["GET"]}}],"collection":[{"href":"https:\/\/pace.at\/es\/wp-json\/wp\/v2\/pages"}],"about":[{"href":"https:\/\/pace.at\/es\/wp-json\/wp\/v2\/types\/page"}],"author":[{"embeddable":true,"href":"https:\/\/pace.at\/es\/wp-json\/wp\/v2\/users\/3"}],"replies":[{"embeddable":true,"href":"https:\/\/pace.at\/es\/wp-json\/wp\/v2\/comments?post=810"}],"version-history":[{"count":13,"href":"https:\/\/pace.at\/es\/wp-json\/wp\/v2\/pages\/810\/revisions"}],"predecessor-version":[{"id":1511,"href":"https:\/\/pace.at\/es\/wp-json\/wp\/v2\/pages\/810\/revisions\/1511"}],"wp:attachment":[{"href":"https:\/\/pace.at\/es\/wp-json\/wp\/v2\/media?parent=810"}],"curies":[{"name":"wp","href":"https:\/\/api.w.org\/{rel}","templated":true}]}}