{"id":805,"date":"2018-11-16T04:04:18","date_gmt":"2018-11-16T03:04:18","guid":{"rendered":"http:\/\/p6.heise-homepage.de\/?page_id=805"},"modified":"2023-09-22T14:50:14","modified_gmt":"2023-09-22T12:50:14","slug":"home","status":"publish","type":"page","link":"https:\/\/pace.at\/es\/","title":{"rendered":"Home"},"content":{"rendered":"<div class=\"wpb-content-wrapper\">[vc_section full_width=\u00bbstretch_row\u00bb full_height=\u00bbyes\u00bb content_placement=\u00bbmiddle\u00bb css=\u00bb.vc_custom_1548155175646{background-image: url(https:\/\/pace.at\/wp-content\/uploads\/2018\/08\/header.jpg?id=485) !important;background-position: center !important;background-repeat: no-repeat !important;background-size: cover !important;}\u00bb][vc_row el_class=\u00bbcolor&#8211;text-inverted xtd-text-shadow&#8211;small-normal\u00bb][vc_column offset=\u00bbvc_col-lg-offset-2 vc_col-lg-8 vc_col-md-offset-1 vc_col-md-10&#8243;][vc_empty_space height=\u00bb6.4rem\u00bb][vc_column_text]\n<h1 style=\"text-align: center;\">Compa\u00f1\u00eda consultora de negocios de aviaci\u00f3n e Ingenier\u00eda<\/h1>\n[\/vc_column_text][\/vc_column][vc_column width=\u00bb5\/6&#8243; offset=\u00bbvc_col-lg-offset-2 vc_col-lg-8&#8243;][vc_column_text]\n<p class=\"lead\" style=\"text-align: center;\">PACE da soporte a aerol\u00edneas, compa\u00f1\u00edas de alquiler de aviones, motores y otros, globalmente con una amplia gama de servicios dentro del sector de la aviaci\u00f3n.<\/p>\n[\/vc_column_text][vc_btn title=\u00bbSOLICITA INFORMACI\u00d3N\u00bb align=\u00bbcenter\u00bb custom_onclick=\u00bbtrue\u00bb custom_onclick_code=\u00bbxtenderSearchFlight.modal_visibility = ! xtenderSearchFlight.modal_visibility;\u00bb link=\u00bburl:mailto%3Aoffice%40pace.at|||\u00bb][\/vc_column][\/vc_row][\/vc_section][vc_section full_width=\u00bbstretch_row\u00bb css=\u00bb.vc_custom_1521321253464{background-color: #f5f3f1 !important;}\u00bb][vc_row][vc_column offset=\u00bbvc_col-lg-offset-2 vc_col-lg-8&#8243;][vc_column_text]\n<h2 class=\"special-title\" style=\"text-align: center;\">Ofrecemos a nuestros clientes el m\u00e1s alto nivel de experiencia en consultor\u00eda<\/h2>\n[\/vc_column_text][vc_video link=\u00bbhttps:\/\/youtu.be\/1iaY8xItnfk?si=aHHtpzzmabQeE6T6&#8243; align=\u00bbcenter\u00bb][\/vc_column][\/vc_row][vc_row content_placement=\u00bbmiddle\u00bb curly_padding=\u00bbcontent-padding-none\u00bb][vc_column width=\u00bb1\/3&#8243;][vc_column_text css=\u00bb.vc_custom_1547097220694{margin-bottom: 4rem !important;}\u00bb]\n<h3 class=\"h4\">INSPECCIONES PRECOMPRA<\/h3>\n<p>PACE ha conseguido una extensa experiencia en evaluaciones de aeronaves y motores y suministra informes detallados y listados de no conformidades. Nuestros informes son habitualmente utilizados en presentaciones de proyectos hacia inversores o financiadores con el fin de apoyar su toma de decisiones.<\/p>\n<p><a href=\"\/es\/servicios\/\">M\u00c1S INFORMACi\u00d3N<\/a>[\/vc_column_text][\/vc_column][vc_column width=\u00bb7\/12&#8243; offset=\u00bbvc_col-sm-offset-1&#8243;][vc_single_image image=\u00bb488&#8243; img_size=\u00bblarge\u00bb style=\u00bbxtd-shadow&#8211;large-light\u00bb css_animation=\u00bbfadeInRight\u00bb el_class=\u00bbxtd-margin-negative&#8211;bottom-3&#8243; curly_width=\u00bb100%\u00bb][\/vc_column][\/vc_row][vc_row content_placement=\u00bbmiddle\u00bb css=\u00bb.vc_custom_1521323448636{padding-top: 0px !important;}\u00bb][vc_column width=\u00bb7\/12&#8243;][vc_single_image image=\u00bb489&#8243; img_size=\u00bblarge\u00bb style=\u00bbxtd-shadow&#8211;large-light\u00bb css_animation=\u00bbfadeInLeft\u00bb el_class=\u00bbxtd-margin-negative&#8211;top-3&#8243; curly_width=\u00bb100%\u00bb][\/vc_column][vc_column width=\u00bb1\/3&#8243; offset=\u00bbvc_col-sm-offset-1&#8243; css=\u00bb.vc_custom_1539233492097{padding-bottom: 100px !important;}\u00bb][vc_column_text css=\u00bb.vc_custom_1547097231150{margin-top: 4rem !important;}\u00bb]\n<h3 class=\"h4\">COMPRA\/ENTREGA DE AERONAVES<\/h3>\n<p>PACE ofrece una gesti\u00f3n completa de las transiciones de aeronaves que asegura el cumplimiento con las condiciones acordadas de entrega, los requisitos de aeronavegabilidad y los plazos de entrega, al tiempo que minimiza los riesgos financieros del cliente.<\/p>\n<p><a href=\"\/es\/servicios\/\">M\u00c1S INFORMACi\u00d3N<\/a>[\/vc_column_text][\/vc_column][\/vc_row][vc_row content_placement=\u00bbmiddle\u00bb curly_padding=\u00bbcontent-padding-none\u00bb css=\u00bb.vc_custom_1539233282411{margin-top: -210px !important;}\u00bb][vc_column width=\u00bb1\/3&#8243; css=\u00bb.vc_custom_1539233500759{padding-top: 150px !important;}\u00bb][vc_column_text css=\u00bb.vc_custom_1547097240908{margin-bottom: 4rem !important;}\u00bb]\n<h3 class=\"h4\">FORMACI\u00d3N<\/h3>\n<p>Podemos ofrecer formaci\u00f3n totalmente personalizada para cubrir las necesidades particulares de nuestros clientes relacionadas con la evaluaci\u00f3n\/precompra\/inspecciones\/aceptaci\u00f3n\/devoluci\u00f3n etc. de aeronaves.<br \/>\nTambi\u00e9n ofrecemos toda la formaci\u00f3n b\u00e1sica necesaria para las Organizaciones de Mantenimiento y CAMO, incluyendo formaci\u00f3n para instructores, Factores Humanos en el Mantenimiento, Inspecci\u00f3n de Recepci\u00f3n en Almac\u00e9n, T\u00e9cnicas de Auditor\u00eda, etc.<\/p>\n<p><a href=\"\/es\/servicios\/\">M\u00c1S INFORMACi\u00d3N<\/a>[\/vc_column_text][\/vc_column][vc_column width=\u00bb7\/12&#8243; offset=\u00bbvc_col-sm-offset-1&#8243;][vc_single_image image=\u00bb687&#8243; img_size=\u00bblarge\u00bb style=\u00bbxtd-shadow&#8211;large-light\u00bb css_animation=\u00bbfadeInRight\u00bb el_class=\u00bbxtd-margin-negative&#8211;bottom-3&#8243; curly_width=\u00bb100%\u00bb][\/vc_column][\/vc_row][\/vc_section][vc_section][vc_row css=\u00bb.vc_custom_1521324582842{padding-bottom: 0px !important;}\u00bb][vc_column offset=\u00bbvc_col-lg-offset-2 vc_col-lg-8&#8243;][vc_column_text]\n<h2 class=\"special-title\" style=\"text-align: center;\">Servicios t\u00e9cnicos de aeronave<\/h2>\n[\/vc_column_text][\/vc_column][\/vc_row][vc_row content_placement=\u00bbmiddle\u00bb css=\u00bb.vc_custom_1521323658113{padding-top: 0px !important;}\u00bb][vc_column width=\u00bb1\/4&#8243; el_class=\u00bbxtd-padding&#8211;right-3&#8243;][vc_column_text]\n<h5><strong>AUDITOR\u00cdAS INTERMEDIAS\u00a0<\/strong><\/h5>\n<p>PACE apoya a los propietarios de aeronaves con auditor\u00edas intermedias enfocadas en el cumplimiento de las condiciones de alquiler para asegurar los valores residuales de los activos.<\/p>\n<p><a href=\"\/es\/servicios\/\">M\u00c1S INFORMACI\u00d3N<\/a>[\/vc_column_text][vc_empty_space height=\u00bb4rem\u00bb][vc_column_text]\n<h5><strong>MANTENIMIENTO MAYOR DE AERONAVE<\/strong><\/h5>\n<p>Antes de las actividades de mantenimiento nuestro experimentado equipo prepara las peticiones de presupuestos, eval\u00faa las ofertas de mantenimiento, apoya las negociaciones de los contratos de mantenimiento y aconseja en la elecci\u00f3n de la Organizaci\u00f3n de Mantenimiento.<\/p>\n<p><a href=\"\/es\/servicios\/\">M\u00c1S INFORMACI\u00d3N<\/a>[\/vc_column_text][\/vc_column][vc_column width=\u00bb1\/2&#8243;][vc_single_image image=\u00bb685&#8243; img_size=\u00bblarge\u00bb css_animation=\u00bbfadeInUp\u00bb][\/vc_column][vc_column width=\u00bb1\/4&#8243; el_class=\u00bbxtd-padding&#8211;left-3&#8243;][vc_column_text]\n<h5><strong>DESFASE DE AERONAVES<\/strong><\/h5>\n<p>PACE tiene una amplia experiencia en la gesti\u00f3n de proyector de devoluci\u00f3n\/desfase de aeronaves, realizados en todo el mundo.<\/p>\n<p><a href=\"\/es\/desfase-de-aeronaves\/\">M\u00c1S INFORMACI\u00d3N<\/a>[\/vc_column_text][vc_empty_space height=\u00bb4rem\u00bb][vc_column_text]\n<h5><strong>GESTI\u00d3N DE MOTORES<\/strong><\/h5>\n<p>El equipo de PACE posee ingenieros de motores altamente experimentados, lo que le permite emitir los planes de gesti\u00f3n de motores m\u00e1s eficientes durante todo el ciclo de vida del motor o flota de motores, personalizados para cada una de las necesidades de nuestros clientes.<\/p>\n<p><a href=\"\/es\/gestion-de-motores\/\">M\u00c1S INFORMACI\u00d3N<\/a>[\/vc_column_text][\/vc_column][\/vc_row][\/vc_section][vc_row full_width=\u00bbstretch_row\u00bb css=\u00bb.vc_custom_1539839760387{background-color: #f5f3f1 !important;}\u00bb][vc_column]<h2 class=\"text-center\"><small>testimonios de clientes satisfechos<\/small>Su experiencia con PACE<\/h2><div class='testimonials-carousel  owl-with-navigation' data-owl='{&quot;items&quot;:1,&quot;nav&quot;:false,&quot;navText&quot;:[],&quot;loop&quot;:true,&quot;autoplay&quot;:true,&quot;autoplayTimeout&quot;:&quot;9000&quot;,&quot;autoplayHoverPause&quot;:false,&quot;responsive&quot;:{&quot;0&quot;:{&quot;items&quot;:1,&quot;dots&quot;:true,&quot;nav&quot;:false},&quot;767&quot;:{&quot;items&quot;:2,&quot;dots&quot;:true},&quot;992&quot;:{&quot;items&quot;:1,&quot;dots&quot;:true}}}'><div class='testimonial'>\n      <h4 class='testimonial-title'>\n      Alberto Cano, Director T\u00e9cnico de Gowair          <\/h4>\n        <p>He estado utilizando los servicios de PACE durante varios a\u00f1os. El equipo de PACE ha realizado inspecciones precompra, entregas y tareas CAMO subcontratadas y su desempe\u00f1o ha sido siempre sobresaliente. Estamos deseando comenzar los siguientes proyectos con ellos.<\/p>\n    <a href='#' class='btn-inline btn' target=\"_self\"><\/a>\n<\/div>\n<div class='testimonial'>\n      <h4 class='testimonial-title'>\n      Brandt Wilson, Jefe de estrategias de Inversi\u00f3n en Activos de Cross Ocean Partners          <\/h4>\n        <p>Ya conoc\u00eda a PACE desde hace mucho tiempo, y ahora ha sido un placer contratarlos en Cross Ocean Partners para varios servicios que incluyen inspecciones precompra, negociaciones de contratos de alquiler y elaboraci\u00f3n de proyectos de aeronave para A320s y 737NGs, as\u00ed como gesti\u00f3n y entregas de motores. Para nosotros, el \u00e9xito en nuestros negocios est\u00e1 basado en su excepcional experiencia t\u00e9cnica y su profundo conocimiento de las regulaciones.<\/p>\n    <a href='#' class='btn-inline btn' target=\"_self\"><\/a>\n<\/div>\n<div class='testimonial'>\n      <h4 class='testimonial-title'>\n      Paul Sawhny, Miembro fundador de Clipper Aviation          <\/h4>\n        <p>La amplia gama de servicios ofrecidos por PACE ha sido la clave del \u00e9xito de varios de nuestros proyectos de aeronaves y motores, incluyendo Airbus A300-600PtF, Boeing 737NG, 777F y CFM56-7. Durante casi una d\u00e9cada, ha sido siempre muy satisfactorio poder trabajar junto al muy experimentado y motivado equipo de PACE.<\/p>\n    <a href='#' class='btn-inline btn' target=\"_self\"><\/a>\n<\/div>\n<\/div>[\/vc_column][\/vc_row][vc_section full_width=\u00bbstretch_row\u00bb full_height=\u00bbyes\u00bb content_placement=\u00bbmiddle\u00bb parallax=\u00bbcontent-moving\u00bb parallax_image=\u00bb491&#8243; css=\u00bb.vc_custom_1534165251866{background-color: #0d0d0e !important;background-position: center !important;background-repeat: no-repeat !important;background-size: cover !important;}\u00bb][vc_row][vc_column width=\u00bb5\/6&#8243; offset=\u00bbvc_col-sm-offset-1&#8243;][vc_column_text]\n<h2 class=\"h1\" style=\"text-align: center;\"><span style=\"color: #a8987e;\">Servicios CAMO<\/span><\/h2>\n[\/vc_column_text][vc_column_text el_class=\u00bbcolor&#8211;text-inverted xtd-text-shadow&#8211;small-normal\u00bb]\n<p class=\"lead\" style=\"text-align: center;\">Con nuestro personal CAMO, extensamente experimentado, ofrecemos soporte para la transici\u00f3n de aeronaves hacia cualquier registro EASA o de Bermuda o de 2-Reg, realizamos Revisiones de Aeronavegabilidad y emitimos o extendemos Certificados de Revisi\u00f3n de Aeronavegabilidad, o en su defecto, emitimos las pertinentes recomendaciones para su emisi\u00f3n o extensi\u00f3n por parte de la Autoridad. Gestionamos las aeronaves que se encuentran fuera de leasing\/en transici\u00f3n\/en parking o preservaci\u00f3n.<\/p>\n[\/vc_column_text][vc_btn title=\u00bbSOLICITA INFORMACI\u00d3N\u00bb align=\u00bbcenter\u00bb custom_onclick=\u00bbtrue\u00bb custom_onclick_code=\u00bbxtenderSearchFlight.modal_visibility = ! xtenderSearchFlight.modal_visibility;\u00bb link=\u00bburl:mailto%3Aoffice%40pace.at%20|||\u00bb][\/vc_column][\/vc_row][\/vc_section]\n<\/div>","protected":false},"excerpt":{"rendered":"<p>[vc_section full_width=\u00bbstretch_row\u00bb full_height=\u00bbyes\u00bb content_placement=\u00bbmiddle\u00bb css=\u00bb.vc_custom_1548155175646{background-image: url(https:\/\/pace.at\/wp-content\/uploads\/2018\/08\/header.jpg?id=485) !important;background-position: center !important;background-repeat: no-repeat !important;background-size: cover !important;}\u00bb][vc_row el_class=\u00bbcolor&#8211;text-inverted xtd-text-shadow&#8211;small-normal\u00bb][vc_column offset=\u00bbvc_col-lg-offset-2 vc_col-lg-8 vc_col-md-offset-1 vc_col-md-10&#8243;][vc_empty_space height=\u00bb6.4rem\u00bb][vc_column_text] Compa\u00f1\u00eda consultora de negocios de aviaci\u00f3n e Ingenier\u00eda [\/vc_column_text][\/vc_column][vc_column width=\u00bb5\/6&#8243; offset=\u00bbvc_col-lg-offset-2 vc_col-lg-8&#8243;][vc_column_text] PACE da soporte a aerol\u00edneas, compa\u00f1\u00edas de alquiler de aviones, motores y otros, globalmente con una amplia gama de servicios dentro del sector de la aviaci\u00f3n. [\/vc_column_text][vc_btn title=\u00bbSOLICITA [&hellip;]<\/p>\n","protected":false},"author":3,"featured_media":0,"parent":0,"menu_order":0,"comment_status":"closed","ping_status":"closed","template":"","meta":{"inline_featured_image":false,"footnotes":""},"class_list":["post-805","page","type-page","status-publish","hentry"],"_links":{"self":[{"href":"https:\/\/pace.at\/es\/wp-json\/wp\/v2\/pages\/805","targetHints":{"allow":["GET"]}}],"collection":[{"href":"https:\/\/pace.at\/es\/wp-json\/wp\/v2\/pages"}],"about":[{"href":"https:\/\/pace.at\/es\/wp-json\/wp\/v2\/types\/page"}],"author":[{"embeddable":true,"href":"https:\/\/pace.at\/es\/wp-json\/wp\/v2\/users\/3"}],"replies":[{"embeddable":true,"href":"https:\/\/pace.at\/es\/wp-json\/wp\/v2\/comments?post=805"}],"version-history":[{"count":12,"href":"https:\/\/pace.at\/es\/wp-json\/wp\/v2\/pages\/805\/revisions"}],"predecessor-version":[{"id":1516,"href":"https:\/\/pace.at\/es\/wp-json\/wp\/v2\/pages\/805\/revisions\/1516"}],"wp:attachment":[{"href":"https:\/\/pace.at\/es\/wp-json\/wp\/v2\/media?parent=805"}],"curies":[{"name":"wp","href":"https:\/\/api.w.org\/{rel}","templated":true}]}}